{"id":328,"date":"2026-02-13T21:00:48","date_gmt":"2026-02-14T00:00:48","guid":{"rendered":"https:\/\/copaceferino.com.ar\/copa-argentina\/?page_id=328"},"modified":"2026-03-25T23:32:21","modified_gmt":"2026-03-26T02:32:21","slug":"fixture","status":"publish","type":"page","link":"https:\/\/copaceferino.com.ar\/copa-heroes\/fixture\/","title":{"rendered":"Fixture"},"content":{"rendered":"\t\t<div data-elementor-type=\"wp-page\" data-elementor-id=\"328\" class=\"elementor elementor-328\">\n\t\t\t\t<div class=\"elementor-element elementor-element-3a9ebfe e-flex e-con-boxed e-con e-parent\" data-id=\"3a9ebfe\" data-element_type=\"container\" data-e-type=\"container\">\n\t\t\t\t\t<div class=\"e-con-inner\">\n\t\t\t\t<div class=\"elementor-element elementor-element-5324a2a elementor-widget elementor-widget-shortcode\" data-id=\"5324a2a\" data-element_type=\"widget\" data-e-type=\"widget\" data-widget_type=\"shortcode.default\">\n\t\t\t\t\t\t\t<div class=\"elementor-shortcode\"><div class=\"sportspress\"><div class=\"sp-template sp-template-event-list\">\n\t\t\t<h4 class=\"sp-table-caption\">Fixture<\/h4>\n\t\t<div class=\"sp-table-wrapper\">\n\t\t<table class=\"sp-event-list sp-event-list-format-title sp-data-table\n\t\t\t\t\t\t\t\t\t\t\t\t\t\t\t\t\t\t\t\t sp-paginated-table\n\t\t\t\t\t\t\t\t\t\t\t\t\t\t\t\t\t\t \t\t\t sp-sortable-table\n\t\t\t\t\t\t\t\t\t\t\t\t\t\t\t\t\t\t \t\t\t\t\t\t\t\t\t\t\t\t\t sp-scrollable-table \" data-sp-rows=\"10\">\n\t\t\t<thead>\n\t\t\t\t<tr>\n\t\t\t\t\t<th class=\"data-date\">Fecha<\/th><th class=\"data-event\">Partido<\/th><th class=\"data-time\">Hora\/Resultados<\/th><th class=\"data-venue\">Cancha<\/th>\t\t\t\t<\/tr>\n\t\t\t<\/thead>\n\t\t\t<tbody>\n\t\t\t\t<tr class=\"sp-row sp-post alternate sp-row-no-0\" itemscope itemtype=\"http:\/\/schema.org\/SportsEvent\"><td class=\"data-date\" itemprop=\"startDate\" content=\"2026-04-11T14:15:07-03:00\" data-label=\"Fecha\"><a href=\"https:\/\/copaceferino.com.ar\/copa-heroes\/event\/santos-padres-a-vs-jesus-maria-a\/\" itemprop=\"url\"><date>2026-04-11 14:15:07<\/date>11 de abril de 2026<\/a><\/td><td class=\"data-event\" data-label=\"Partido\"><a href=\"https:\/\/copaceferino.com.ar\/copa-heroes\/event\/santos-padres-a-vs-jesus-maria-a\/\"><span class=\"team-logo\"><img decoding=\"async\" width=\"32\" height=\"21\" src=\"https:\/\/copaceferino.com.ar\/copa-heroes\/wp-content\/uploads\/sites\/4\/2026\/03\/torneo-ceferino-32x21.png\" class=\"attachment-sportspress-fit-mini size-sportspress-fit-mini wp-post-image\" alt=\"\" \/><\/span> <span class=\"team-logo\"><img decoding=\"async\" width=\"32\" height=\"32\" src=\"https:\/\/copaceferino.com.ar\/copa-heroes\/wp-content\/uploads\/sites\/4\/2026\/03\/images-1-32x32.jpg\" class=\"attachment-sportspress-fit-mini size-sportspress-fit-mini wp-post-image\" alt=\"\" \/><\/span> Santos Padres A vs Jes\u00fas Mar\u00eda A<\/a><\/td><td class=\"data-time ok\" data-label=\"Hora\/Resultados\"><a href=\"https:\/\/copaceferino.com.ar\/copa-heroes\/event\/santos-padres-a-vs-jesus-maria-a\/\" itemprop=\"url\">1 - 0<\/a><\/td><td class=\"data-venue\" data-label=\"Cancha\" itemprop=\"location\" itemscope itemtype=\"http:\/\/schema.org\/Place\"><div itemprop=\"address\" itemscope itemtype=\"http:\/\/schema.org\/PostalAddress\">Bombonera<\/div><\/td><\/tr><tr class=\"sp-row sp-post sp-row-no-1\" itemscope itemtype=\"http:\/\/schema.org\/SportsEvent\"><td class=\"data-date\" itemprop=\"startDate\" content=\"2026-04-11T15:15:54-03:00\" data-label=\"Fecha\"><a href=\"https:\/\/copaceferino.com.ar\/copa-heroes\/event\/providencia-vs-jesus-maria-b-2\/\" itemprop=\"url\"><date>2026-04-11 15:15:54<\/date>11 de abril de 2026<\/a><\/td><td class=\"data-event\" data-label=\"Partido\"><a href=\"https:\/\/copaceferino.com.ar\/copa-heroes\/event\/providencia-vs-jesus-maria-b-2\/\"><span class=\"team-logo\"><img decoding=\"async\" width=\"28\" height=\"32\" src=\"https:\/\/copaceferino.com.ar\/copa-heroes\/wp-content\/uploads\/sites\/4\/2026\/03\/images-28x32.png\" class=\"attachment-sportspress-fit-mini size-sportspress-fit-mini wp-post-image\" alt=\"\" \/><\/span> <span class=\"team-logo\"><img decoding=\"async\" width=\"32\" height=\"32\" src=\"https:\/\/copaceferino.com.ar\/copa-heroes\/wp-content\/uploads\/sites\/4\/2026\/03\/images-1-32x32.jpg\" class=\"attachment-sportspress-fit-mini size-sportspress-fit-mini wp-post-image\" alt=\"\" \/><\/span> Providencia vs Jes\u00fas Mar\u00eda B<\/a><\/td><td class=\"data-time ok\" data-label=\"Hora\/Resultados\"><a href=\"https:\/\/copaceferino.com.ar\/copa-heroes\/event\/providencia-vs-jesus-maria-b-2\/\" itemprop=\"url\">2 - 2<\/a><\/td><td class=\"data-venue\" data-label=\"Cancha\" itemprop=\"location\" itemscope itemtype=\"http:\/\/schema.org\/Place\"><div itemprop=\"address\" itemscope itemtype=\"http:\/\/schema.org\/PostalAddress\">Bombonera<\/div><\/td><\/tr><tr class=\"sp-row sp-post alternate sp-row-no-2\" itemscope itemtype=\"http:\/\/schema.org\/SportsEvent\"><td class=\"data-date\" itemprop=\"startDate\" content=\"2026-04-18T14:00:39-03:00\" data-label=\"Fecha\"><a href=\"https:\/\/copaceferino.com.ar\/copa-heroes\/event\/delia-a-vs-santos-padres-a\/\" itemprop=\"url\"><date>2026-04-18 14:00:39<\/date>18 de abril de 2026<\/a><\/td><td class=\"data-event\" data-label=\"Partido\"><a href=\"https:\/\/copaceferino.com.ar\/copa-heroes\/event\/delia-a-vs-santos-padres-a\/\"><span class=\"team-logo\"><img loading=\"lazy\" decoding=\"async\" width=\"32\" height=\"24\" src=\"https:\/\/copaceferino.com.ar\/copa-heroes\/wp-content\/uploads\/sites\/4\/2026\/03\/images-32x24.jpg\" class=\"attachment-sportspress-fit-mini size-sportspress-fit-mini wp-post-image\" alt=\"\" \/><\/span> <span class=\"team-logo\"><img decoding=\"async\" width=\"32\" height=\"21\" src=\"https:\/\/copaceferino.com.ar\/copa-heroes\/wp-content\/uploads\/sites\/4\/2026\/03\/torneo-ceferino-32x21.png\" class=\"attachment-sportspress-fit-mini size-sportspress-fit-mini wp-post-image\" alt=\"\" \/><\/span> D&#8217;elia A vs Santos Padres A<\/a><\/td><td class=\"data-time ok\" data-label=\"Hora\/Resultados\"><a href=\"https:\/\/copaceferino.com.ar\/copa-heroes\/event\/delia-a-vs-santos-padres-a\/\" itemprop=\"url\">5 - 2<\/a><\/td><td class=\"data-venue\" data-label=\"Cancha\" itemprop=\"location\" itemscope itemtype=\"http:\/\/schema.org\/Place\"><div itemprop=\"address\" itemscope itemtype=\"http:\/\/schema.org\/PostalAddress\">Bombonera<\/div><\/td><\/tr><tr class=\"sp-row sp-post sp-row-no-3\" itemscope itemtype=\"http:\/\/schema.org\/SportsEvent\"><td class=\"data-date\" itemprop=\"startDate\" content=\"2026-04-18T15:15:13-03:00\" data-label=\"Fecha\"><a href=\"https:\/\/copaceferino.com.ar\/copa-heroes\/event\/jesus-maria-a-vs-providencia\/\" itemprop=\"url\"><date>2026-04-18 15:15:13<\/date>18 de abril de 2026<\/a><\/td><td class=\"data-event\" data-label=\"Partido\"><a href=\"https:\/\/copaceferino.com.ar\/copa-heroes\/event\/jesus-maria-a-vs-providencia\/\"><span class=\"team-logo\"><img decoding=\"async\" width=\"32\" height=\"32\" src=\"https:\/\/copaceferino.com.ar\/copa-heroes\/wp-content\/uploads\/sites\/4\/2026\/03\/images-1-32x32.jpg\" class=\"attachment-sportspress-fit-mini size-sportspress-fit-mini wp-post-image\" alt=\"\" \/><\/span> <span class=\"team-logo\"><img decoding=\"async\" width=\"28\" height=\"32\" src=\"https:\/\/copaceferino.com.ar\/copa-heroes\/wp-content\/uploads\/sites\/4\/2026\/03\/images-28x32.png\" class=\"attachment-sportspress-fit-mini size-sportspress-fit-mini wp-post-image\" alt=\"\" \/><\/span> Jes\u00fas Mar\u00eda A vs Providencia<\/a><\/td><td class=\"data-time ok\" data-label=\"Hora\/Resultados\"><a href=\"https:\/\/copaceferino.com.ar\/copa-heroes\/event\/jesus-maria-a-vs-providencia\/\" itemprop=\"url\">6 - 0<\/a><\/td><td class=\"data-venue\" data-label=\"Cancha\" itemprop=\"location\" itemscope itemtype=\"http:\/\/schema.org\/Place\"><div itemprop=\"address\" itemscope itemtype=\"http:\/\/schema.org\/PostalAddress\">Bombonera<\/div><\/td><\/tr><tr class=\"sp-row sp-post alternate sp-row-no-4\" itemscope itemtype=\"http:\/\/schema.org\/SportsEvent\"><td class=\"data-date\" itemprop=\"startDate\" content=\"2026-04-25T14:00:23-03:00\" data-label=\"Fecha\"><a href=\"https:\/\/copaceferino.com.ar\/copa-heroes\/event\/jesus-maria-b-vs-santos-padres-a\/\" itemprop=\"url\"><date>2026-04-25 14:00:23<\/date>25 de abril de 2026<\/a><\/td><td class=\"data-event\" data-label=\"Partido\"><a href=\"https:\/\/copaceferino.com.ar\/copa-heroes\/event\/jesus-maria-b-vs-santos-padres-a\/\"><span class=\"team-logo\"><img decoding=\"async\" width=\"32\" height=\"32\" src=\"https:\/\/copaceferino.com.ar\/copa-heroes\/wp-content\/uploads\/sites\/4\/2026\/03\/images-1-32x32.jpg\" class=\"attachment-sportspress-fit-mini size-sportspress-fit-mini wp-post-image\" alt=\"\" \/><\/span> <span class=\"team-logo\"><img decoding=\"async\" width=\"32\" height=\"21\" src=\"https:\/\/copaceferino.com.ar\/copa-heroes\/wp-content\/uploads\/sites\/4\/2026\/03\/torneo-ceferino-32x21.png\" class=\"attachment-sportspress-fit-mini size-sportspress-fit-mini wp-post-image\" alt=\"\" \/><\/span> Jes\u00fas Mar\u00eda B vs Santos Padres A<\/a><\/td><td class=\"data-time ok\" data-label=\"Hora\/Resultados\"><a href=\"https:\/\/copaceferino.com.ar\/copa-heroes\/event\/jesus-maria-b-vs-santos-padres-a\/\" itemprop=\"url\">0 - 13<\/a><\/td><td class=\"data-venue\" data-label=\"Cancha\" itemprop=\"location\" itemscope itemtype=\"http:\/\/schema.org\/Place\"><div itemprop=\"address\" itemscope itemtype=\"http:\/\/schema.org\/PostalAddress\">Bombonera<\/div><\/td><\/tr><tr class=\"sp-row sp-post sp-row-no-5\" itemscope itemtype=\"http:\/\/schema.org\/SportsEvent\"><td class=\"data-date\" itemprop=\"startDate\" content=\"2026-04-25T16:30:44-03:00\" data-label=\"Fecha\"><a href=\"https:\/\/copaceferino.com.ar\/copa-heroes\/event\/jesus-maria-a-vs-delia-a\/\" itemprop=\"url\"><date>2026-04-25 16:30:44<\/date>25 de abril de 2026<\/a><\/td><td class=\"data-event\" data-label=\"Partido\"><a href=\"https:\/\/copaceferino.com.ar\/copa-heroes\/event\/jesus-maria-a-vs-delia-a\/\"><span class=\"team-logo\"><img decoding=\"async\" width=\"32\" height=\"32\" src=\"https:\/\/copaceferino.com.ar\/copa-heroes\/wp-content\/uploads\/sites\/4\/2026\/03\/images-1-32x32.jpg\" class=\"attachment-sportspress-fit-mini size-sportspress-fit-mini wp-post-image\" alt=\"\" \/><\/span> <span class=\"team-logo\"><img loading=\"lazy\" decoding=\"async\" width=\"32\" height=\"24\" src=\"https:\/\/copaceferino.com.ar\/copa-heroes\/wp-content\/uploads\/sites\/4\/2026\/03\/images-32x24.jpg\" class=\"attachment-sportspress-fit-mini size-sportspress-fit-mini wp-post-image\" alt=\"\" \/><\/span> Jes\u00fas Mar\u00eda A vs D&#8217;elia A<\/a><\/td><td class=\"data-time ok\" data-label=\"Hora\/Resultados\"><a href=\"https:\/\/copaceferino.com.ar\/copa-heroes\/event\/jesus-maria-a-vs-delia-a\/\" itemprop=\"url\">1 - 3<\/a><\/td><td class=\"data-venue\" data-label=\"Cancha\" itemprop=\"location\" itemscope itemtype=\"http:\/\/schema.org\/Place\"><div itemprop=\"address\" itemscope itemtype=\"http:\/\/schema.org\/PostalAddress\">Bombonera<\/div><\/td><\/tr><tr class=\"sp-row sp-post alternate sp-row-no-6\" itemscope itemtype=\"http:\/\/schema.org\/SportsEvent\"><td class=\"data-date\" itemprop=\"startDate\" content=\"2026-05-02T14:00:49-03:00\" data-label=\"Fecha\"><a href=\"https:\/\/copaceferino.com.ar\/copa-heroes\/event\/providencia-vs-santos-padres-a\/\" itemprop=\"url\"><date>2026-05-02 14:00:49<\/date>2 de mayo de 2026<\/a><\/td><td class=\"data-event\" data-label=\"Partido\"><a href=\"https:\/\/copaceferino.com.ar\/copa-heroes\/event\/providencia-vs-santos-padres-a\/\"><span class=\"team-logo\"><img decoding=\"async\" width=\"28\" height=\"32\" src=\"https:\/\/copaceferino.com.ar\/copa-heroes\/wp-content\/uploads\/sites\/4\/2026\/03\/images-28x32.png\" class=\"attachment-sportspress-fit-mini size-sportspress-fit-mini wp-post-image\" alt=\"\" \/><\/span> <span class=\"team-logo\"><img decoding=\"async\" width=\"32\" height=\"21\" src=\"https:\/\/copaceferino.com.ar\/copa-heroes\/wp-content\/uploads\/sites\/4\/2026\/03\/torneo-ceferino-32x21.png\" class=\"attachment-sportspress-fit-mini size-sportspress-fit-mini wp-post-image\" alt=\"\" \/><\/span> Providencia vs Santos Padres A<\/a><\/td><td class=\"data-time ok\" data-label=\"Hora\/Resultados\"><a href=\"https:\/\/copaceferino.com.ar\/copa-heroes\/event\/providencia-vs-santos-padres-a\/\" itemprop=\"url\">0 - 9<\/a><\/td><td class=\"data-venue\" data-label=\"Cancha\" itemprop=\"location\" itemscope itemtype=\"http:\/\/schema.org\/Place\"><div itemprop=\"address\" itemscope itemtype=\"http:\/\/schema.org\/PostalAddress\">Bombonera<\/div><\/td><\/tr><tr class=\"sp-row sp-post sp-row-no-7\" itemscope itemtype=\"http:\/\/schema.org\/SportsEvent\"><td class=\"data-date\" itemprop=\"startDate\" content=\"2026-05-02T15:15:09-03:00\" data-label=\"Fecha\"><a href=\"https:\/\/copaceferino.com.ar\/copa-heroes\/event\/jesus-maria-b-vs-jesus-maria-a\/\" itemprop=\"url\"><date>2026-05-02 15:15:09<\/date>2 de mayo de 2026<\/a><\/td><td class=\"data-event\" data-label=\"Partido\"><a href=\"https:\/\/copaceferino.com.ar\/copa-heroes\/event\/jesus-maria-b-vs-jesus-maria-a\/\"><span class=\"team-logo\"><img decoding=\"async\" width=\"32\" height=\"32\" src=\"https:\/\/copaceferino.com.ar\/copa-heroes\/wp-content\/uploads\/sites\/4\/2026\/03\/images-1-32x32.jpg\" class=\"attachment-sportspress-fit-mini size-sportspress-fit-mini wp-post-image\" alt=\"\" \/><\/span> <span class=\"team-logo\"><img decoding=\"async\" width=\"32\" height=\"32\" src=\"https:\/\/copaceferino.com.ar\/copa-heroes\/wp-content\/uploads\/sites\/4\/2026\/03\/images-1-32x32.jpg\" class=\"attachment-sportspress-fit-mini size-sportspress-fit-mini wp-post-image\" alt=\"\" \/><\/span> Jes\u00fas Mar\u00eda B vs Jes\u00fas Mar\u00eda A<\/a><\/td><td class=\"data-time ok\" data-label=\"Hora\/Resultados\"><a href=\"https:\/\/copaceferino.com.ar\/copa-heroes\/event\/jesus-maria-b-vs-jesus-maria-a\/\" itemprop=\"url\">0 - 3<\/a><\/td><td class=\"data-venue\" data-label=\"Cancha\" itemprop=\"location\" itemscope itemtype=\"http:\/\/schema.org\/Place\"><div itemprop=\"address\" itemscope itemtype=\"http:\/\/schema.org\/PostalAddress\">Bombonera<\/div><\/td><\/tr><tr class=\"sp-row sp-post alternate sp-row-no-8\" itemscope itemtype=\"http:\/\/schema.org\/SportsEvent\"><td class=\"data-date\" itemprop=\"startDate\" content=\"2026-05-09T14:00:18-03:00\" data-label=\"Fecha\"><a href=\"https:\/\/copaceferino.com.ar\/copa-heroes\/event\/providencia-vs-jesus-maria-a\/\" itemprop=\"url\"><date>2026-05-09 14:00:18<\/date>9 de mayo de 2026<\/a><\/td><td class=\"data-event\" data-label=\"Partido\"><a href=\"https:\/\/copaceferino.com.ar\/copa-heroes\/event\/providencia-vs-jesus-maria-a\/\"><span class=\"team-logo\"><img decoding=\"async\" width=\"28\" height=\"32\" src=\"https:\/\/copaceferino.com.ar\/copa-heroes\/wp-content\/uploads\/sites\/4\/2026\/03\/images-28x32.png\" class=\"attachment-sportspress-fit-mini size-sportspress-fit-mini wp-post-image\" alt=\"\" \/><\/span> <span class=\"team-logo\"><img decoding=\"async\" width=\"32\" height=\"32\" src=\"https:\/\/copaceferino.com.ar\/copa-heroes\/wp-content\/uploads\/sites\/4\/2026\/03\/images-1-32x32.jpg\" class=\"attachment-sportspress-fit-mini size-sportspress-fit-mini wp-post-image\" alt=\"\" \/><\/span> Providencia vs Jes\u00fas Mar\u00eda A<\/a><\/td><td class=\"data-time ok\" data-label=\"Hora\/Resultados\"><a href=\"https:\/\/copaceferino.com.ar\/copa-heroes\/event\/providencia-vs-jesus-maria-a\/\" itemprop=\"url\"><date>&nbsp;14:00:18<\/date>14:00<\/a><\/td><td class=\"data-venue\" data-label=\"Cancha\" itemprop=\"location\" itemscope itemtype=\"http:\/\/schema.org\/Place\"><div itemprop=\"address\" itemscope itemtype=\"http:\/\/schema.org\/PostalAddress\">Bombonera<\/div><\/td><\/tr><tr class=\"sp-row sp-post sp-row-no-9\" itemscope itemtype=\"http:\/\/schema.org\/SportsEvent\"><td class=\"data-date\" itemprop=\"startDate\" content=\"2026-05-09T15:15:47-03:00\" data-label=\"Fecha\"><a href=\"https:\/\/copaceferino.com.ar\/copa-heroes\/event\/delia-a-vs-jesus-maria-b\/\" itemprop=\"url\"><date>2026-05-09 15:15:47<\/date>9 de mayo de 2026<\/a><\/td><td class=\"data-event\" data-label=\"Partido\"><a href=\"https:\/\/copaceferino.com.ar\/copa-heroes\/event\/delia-a-vs-jesus-maria-b\/\"><span class=\"team-logo\"><img loading=\"lazy\" decoding=\"async\" width=\"32\" height=\"24\" src=\"https:\/\/copaceferino.com.ar\/copa-heroes\/wp-content\/uploads\/sites\/4\/2026\/03\/images-32x24.jpg\" class=\"attachment-sportspress-fit-mini size-sportspress-fit-mini wp-post-image\" alt=\"\" \/><\/span> <span class=\"team-logo\"><img decoding=\"async\" width=\"32\" height=\"32\" src=\"https:\/\/copaceferino.com.ar\/copa-heroes\/wp-content\/uploads\/sites\/4\/2026\/03\/images-1-32x32.jpg\" class=\"attachment-sportspress-fit-mini size-sportspress-fit-mini wp-post-image\" alt=\"\" \/><\/span> D&#8217;elia A vs Jes\u00fas Mar\u00eda B<\/a><\/td><td class=\"data-time ok\" data-label=\"Hora\/Resultados\"><a href=\"https:\/\/copaceferino.com.ar\/copa-heroes\/event\/delia-a-vs-jesus-maria-b\/\" itemprop=\"url\"><date>&nbsp;15:15:47<\/date>15:15<\/a><\/td><td class=\"data-venue\" data-label=\"Cancha\" itemprop=\"location\" itemscope itemtype=\"http:\/\/schema.org\/Place\"><div itemprop=\"address\" itemscope itemtype=\"http:\/\/schema.org\/PostalAddress\">Bombonera<\/div><\/td><\/tr>\t\t\t<\/tbody>\n\t\t<\/table>\n\t<\/div>\n\t<\/div>\n<\/div><\/div>\n\t\t\t\t\t\t<\/div>\n\t\t\t\t\t<\/div>\n\t\t\t\t<\/div>\n\t\t\t\t<\/div>\n\t\t","protected":false},"excerpt":{"rendered":"","protected":false},"author":2,"featured_media":0,"parent":0,"menu_order":0,"comment_status":"closed","ping_status":"closed","template":"template-fullwidth.php","meta":{"footnotes":""},"class_list":["post-328","page","type-page","status-publish","hentry"],"_links":{"self":[{"href":"https:\/\/copaceferino.com.ar\/copa-heroes\/wp-json\/wp\/v2\/pages\/328","targetHints":{"allow":["GET"]}}],"collection":[{"href":"https:\/\/copaceferino.com.ar\/copa-heroes\/wp-json\/wp\/v2\/pages"}],"about":[{"href":"https:\/\/copaceferino.com.ar\/copa-heroes\/wp-json\/wp\/v2\/types\/page"}],"author":[{"embeddable":true,"href":"https:\/\/copaceferino.com.ar\/copa-heroes\/wp-json\/wp\/v2\/users\/2"}],"replies":[{"embeddable":true,"href":"https:\/\/copaceferino.com.ar\/copa-heroes\/wp-json\/wp\/v2\/comments?post=328"}],"version-history":[{"count":7,"href":"https:\/\/copaceferino.com.ar\/copa-heroes\/wp-json\/wp\/v2\/pages\/328\/revisions"}],"predecessor-version":[{"id":700,"href":"https:\/\/copaceferino.com.ar\/copa-heroes\/wp-json\/wp\/v2\/pages\/328\/revisions\/700"}],"wp:attachment":[{"href":"https:\/\/copaceferino.com.ar\/copa-heroes\/wp-json\/wp\/v2\/media?parent=328"}],"curies":[{"name":"wp","href":"https:\/\/api.w.org\/{rel}","templated":true}]}}