{"id":4,"date":"2026-02-14T00:24:10","date_gmt":"2026-02-13T23:24:10","guid":{"rendered":"https:\/\/copaceferino.com.ar\/copa-argentina\/?page_id=2"},"modified":"2026-02-23T14:13:34","modified_gmt":"2026-02-23T17:13:34","slug":"pagina-ejemplo","status":"publish","type":"page","link":"https:\/\/copaceferino.com.ar\/copa-alumni\/","title":{"rendered":"Inicio"},"content":{"rendered":"\t\t<div data-elementor-type=\"wp-page\" data-elementor-id=\"4\" class=\"elementor elementor-4\">\n\t\t\t\t<div class=\"elementor-element elementor-element-2c973764 e-flex e-con-boxed e-con e-parent\" data-id=\"2c973764\" data-element_type=\"container\" data-e-type=\"container\">\n\t\t\t\t\t<div class=\"e-con-inner\">\n\t\t\t\t<div class=\"elementor-element elementor-element-88d5769 elementor-widget elementor-widget-text-editor\" data-id=\"88d5769\" data-element_type=\"widget\" data-e-type=\"widget\" data-widget_type=\"text-editor.default\">\n\t\t\t\t\t\t\t\t\t<p>En el torneo Copa Ceferino Namuncur\u00e1 fomentamos firmemente que los chicos mantengan una actitud de respeto, compa\u00f1erismo y buen comportamiento dentro y fuera del campo de juego. M\u00e1s all\u00e1 de los resultados deportivos, este torneo tiene como objetivo principal promover una sana competencia, vivida con pasi\u00f3n, pero sobre todo con valores humanos y deportivos.<\/p>\n<p>Queremos que cada chico y cada familia vivan el torneo con alegr\u00eda, entusiasmo y responsabilidad, y que esos valores est\u00e9n presentes tanto en los jugadores como en los adultos que los acompa\u00f1an.<\/p>\n<p>Es por ello que, en los casos donde no se respeten estas condiciones, la organizaci\u00f3n aplicar\u00e1 la sanci\u00f3n de \u00abpartido observado\u00bb, lo que implica que el equipo deber\u00e1 disputar fechas sin p\u00fablico y que los jugadores involucrados podr\u00e1n recibir sanciones individuales.<\/p>\n<p>Agradecemos el compromiso de todas las famillas en acompa\u00f1ar este proyecto educativo y deportivo.<\/p>\n<p>La Organizaci\u00f3n<br \/>Copa Ceferino Namuncur\u00e1<\/p>\t\t\t\t\t\t\t\t<\/div>\n\t\t\t\t<div class=\"elementor-element elementor-element-a732629 elementor-widget__width-inherit elementor-widget elementor-widget-shortcode\" data-id=\"a732629\" data-element_type=\"widget\" data-e-type=\"widget\" data-widget_type=\"shortcode.default\">\n\t\t\t\t\t\t\t<div class=\"elementor-shortcode\"><div class=\"sportspress\"><div class=\"sp-template sp-template-league-table\">\n\t<h4 class=\"sp-table-caption\">Clasificaci\u00f3n<\/h4><div class=\"sp-table-wrapper\"><table class=\"sp-league-table sp-league-table-88 sp-data-table sp-sortable-table sp-scrollable-table sp-paginated-table\" data-sp-rows=\"10\"><thead><tr><th class=\"data-rank\">Pos<\/th><th class=\"data-name\">Equipo<\/th><th class=\"data-p\">J<\/th><th class=\"data-w\">G<\/th><th class=\"data-d\">E<\/th><th class=\"data-l\">P<\/th><th class=\"data-f\">GF<\/th><th class=\"data-a\">GC<\/th><th class=\"data-gd\">+\/-<\/th><th class=\"data-pts\">Pts<\/th><\/tr><\/thead><tbody><\/tbody><\/table><\/div><\/div>\n<\/div><\/div>\n\t\t\t\t\t\t<\/div>\n\t\t\t\t<div class=\"elementor-element elementor-element-c488dee elementor-widget__width-inherit elementor-widget elementor-widget-shortcode\" data-id=\"c488dee\" data-element_type=\"widget\" data-e-type=\"widget\" data-widget_type=\"shortcode.default\">\n\t\t\t\t\t\t\t<div class=\"elementor-shortcode\"><div class=\"sportspress\"><div class=\"sp-template sp-template-event-list\">\n\t\t\t<h4 class=\"sp-table-caption\">Fixture<\/h4>\n\t\t<div class=\"sp-table-wrapper\">\n\t\t<table class=\"sp-event-list sp-event-list-format-title sp-data-table\n\t\t\t\t\t\t\t\t\t\t\t\t\t\t\t\t\t\t\t\t sp-paginated-table\n\t\t\t\t\t\t\t\t\t\t\t\t\t\t\t\t\t\t \t\t\t sp-sortable-table\n\t\t\t\t\t\t\t\t\t\t\t\t\t\t\t\t\t\t \t\t\t\t\t\t\t\t\t\t\t\t\t sp-scrollable-table \" data-sp-rows=\"10\">\n\t\t\t<thead>\n\t\t\t\t<tr>\n\t\t\t\t\t<th class=\"data-date\">Fecha<\/th><th class=\"data-event\">Partido<\/th><th class=\"data-time\">Hora\/Resultados<\/th><th class=\"data-venue\">Cancha<\/th>\t\t\t\t<\/tr>\n\t\t\t<\/thead>\n\t\t\t<tbody>\n\t\t\t\t\t\t\t<\/tbody>\n\t\t<\/table>\n\t<\/div>\n\t<\/div>\n<\/div><\/div>\n\t\t\t\t\t\t<\/div>\n\t\t\t\t\t<\/div>\n\t\t\t\t<\/div>\n\t\t\t\t<\/div>\n\t\t","protected":false},"excerpt":{"rendered":"<p>En el torneo Copa Ceferino Namuncur\u00e1 fomentamos firmemente que los chicos mantengan una actitud de respeto, compa\u00f1erismo y buen comportamiento dentro y fuera del campo de juego. M\u00e1s all\u00e1 de los resultados deportivos, este torneo tiene como objetivo principal promover una sana competencia, vivida con pasi\u00f3n, pero sobre todo con valores humanos y deportivos. Queremos [&hellip;]<\/p>\n","protected":false},"author":4,"featured_media":0,"parent":0,"menu_order":0,"comment_status":"closed","ping_status":"open","template":"template-fullwidth.php","meta":{"footnotes":""},"class_list":["post-4","page","type-page","status-publish","hentry"],"_links":{"self":[{"href":"https:\/\/copaceferino.com.ar\/copa-alumni\/wp-json\/wp\/v2\/pages\/4","targetHints":{"allow":["GET"]}}],"collection":[{"href":"https:\/\/copaceferino.com.ar\/copa-alumni\/wp-json\/wp\/v2\/pages"}],"about":[{"href":"https:\/\/copaceferino.com.ar\/copa-alumni\/wp-json\/wp\/v2\/types\/page"}],"author":[{"embeddable":true,"href":"https:\/\/copaceferino.com.ar\/copa-alumni\/wp-json\/wp\/v2\/users\/4"}],"replies":[{"embeddable":true,"href":"https:\/\/copaceferino.com.ar\/copa-alumni\/wp-json\/wp\/v2\/comments?post=4"}],"version-history":[{"count":48,"href":"https:\/\/copaceferino.com.ar\/copa-alumni\/wp-json\/wp\/v2\/pages\/4\/revisions"}],"predecessor-version":[{"id":496,"href":"https:\/\/copaceferino.com.ar\/copa-alumni\/wp-json\/wp\/v2\/pages\/4\/revisions\/496"}],"wp:attachment":[{"href":"https:\/\/copaceferino.com.ar\/copa-alumni\/wp-json\/wp\/v2\/media?parent=4"}],"curies":[{"name":"wp","href":"https:\/\/api.w.org\/{rel}","templated":true}]}}